{"id":3248,"date":"2019-04-15T15:19:30","date_gmt":"2019-04-15T13:19:30","guid":{"rendered":"http:\/\/avv-poltronieri.it\/?page_id=3248"},"modified":"2019-09-09T12:24:37","modified_gmt":"2019-09-09T10:24:37","slug":"i-servizi","status":"publish","type":"page","link":"https:\/\/avv-poltronieri.it\/?page_id=3248","title":{"rendered":"Servizi"},"content":{"rendered":"<div class=\"wpb-content-wrapper\"><p>[vc_row parallax_background_image=&#8221;3368&#8243;][vc_column]<div class=\"mkdf-elements-holder   mkdf-one-column  mkdf-responsive-mode-768 \" ><div class=\"mkdf-eh-item     \"  data-item-class=\"mkdf-eh-custom-2856\" data-1025-1366=\"213px 0%\">\n\t    <div class=\"mkdf-eh-item-inner\">\n\t\t<div class=\"mkdf-eh-item-content mkdf-eh-custom-2856\" style=\"padding: 273px 0%\">\n\t\t\t\t\t<\/div>\n\t<\/div>\n<\/div><\/div>[\/vc_column][\/vc_row][vc_row full_height=&#8221;yes&#8221; row_content_width=&#8221;grid&#8221; disable_background_image=&#8221;&#8221; content_text_aligment=&#8221;center&#8221; simple_background_image=&#8221;1109&#8243;][vc_column]<div class=\"mkdf-elements-holder   mkdf-one-column  mkdf-responsive-mode-768 \" ><div class=\"mkdf-eh-item    mkdf-horizontal-alignment-center \"  data-item-class=\"mkdf-eh-custom-6198\" data-1367-1600=\"87px 9% 136px\" data-1025-1366=\"87px 9% 136px\" data-769-1024=\"87px 5% 136px\" data-681-768=\"87px 0% 136px\" data-680=\"87px 5% 136px\">\n\t    <div class=\"mkdf-eh-item-inner\">\n\t\t<div class=\"mkdf-eh-item-content mkdf-eh-custom-6198\" style=\"padding: 87px 21% 136px\">\n\t\t\t[vc_empty_space height=&#8221;19px&#8221;][vc_column_text]<\/p>\n<h2 style=\"text-align: center;\">Assistenza e Gestione Condominiale<\/h2>\n<p>[\/vc_column_text][vc_empty_space height=&#8221;7px&#8221;][vc_column_text]<\/p>\n<p style=\"text-align: center;\">Il condominio \u00e8 considerato universalmente la maggior fonte di conflittualit\u00e0 della moderna societ\u00e0 italiana. La complessit\u00e0 di gestione riguarda la gran parte dei cittadini, il loro bene pi\u00f9 prezioso, la casa, e la conoscenza superficiale delle norme che la regolano, portano all&#8217;accentuarsi di contrasti. Mi presento come figura per aiutarvi nella risoluzione di qualsiasi problema e nella gestione completa.<\/p>\n<p>[\/vc_column_text]\t\t<\/div>\n\t<\/div>\n<\/div><\/div>[vc_row_inner][vc_column_inner width=&#8221;1\/2&#8243;][vc_single_image image=&#8221;3447&#8243; img_size=&#8221;full&#8221; css_animation=&#8221;fadeInLeft&#8221;][\/vc_column_inner][vc_column_inner width=&#8221;1\/2&#8243;][vc_column_text css_animation=&#8221;fadeIn&#8221;]<\/p>\n<h4 style=\"text-align: left;\">Contabilit\u00e0 Condominiale<\/h4>\n<p style=\"text-align: left;\">Gestire la\u00a0contabilit\u00e0\u00a0del\u00a0condominio non \u00e8 semplice: a questo scopo, l&#8217;amministratore si serve di specifici software gestionali per mantenere tutto in ordine e registrato.<\/p>\n<h4 style=\"text-align: left;\">Bilancio Condominiale<\/h4>\n<p style=\"text-align: left;\">Le norme del mandato impongono all&#8217;amministratore di rendere conto della propria gestione, quindi alla fine della gestione annuale l&#8217;amministratore redige il rendiconto del condominio. L&#8217;assemblea convocata dall&#8217;amministratore entro 180 giorni valuta e approva il documento.<\/p>\n<p>[\/vc_column_text][\/vc_column_inner][\/vc_row_inner][vc_empty_space height=&#8221;60px&#8221;][vc_row_inner][vc_column_inner width=&#8221;1\/2&#8243;][vc_column_text css_animation=&#8221;fadeIn&#8221;]<\/p>\n<h4 style=\"text-align: right;\">Gestione assemblee condominiali<\/h4>\n<p style=\"text-align: right;\">L&#8217;assemblea condominiale, convocata due volte l&#8217;anno, \u00e8 il luogo nel quale il condominio assume le decisioni relative ai beni comuni.<\/p>\n<h4 style=\"text-align: right;\">Gestione manutenzione condominiale<\/h4>\n<p style=\"text-align: right;\">Il sistema per la <em>gestione<\/em>\u00a0degli interventi di\u00a0<em>manutenzione<\/em> ordinaria e straordinaria permette di ottimizzare i tempi e la co-ordinazione tra amministazione e condomini.<\/p>\n<h4 style=\"text-align: right;\">Assistenza legale condominiale<\/h4>\n<p style=\"text-align: right;\">Uno spazio riservato a coloro che hanno problematiche per quanto riguarda casa e\u00a0condominio. Mi occupo dell&#8217;assistenza\u00a0e della tutela\u00a0legale\u00a0per\u00a0condomini.<\/p>\n<p>[\/vc_column_text][\/vc_column_inner][vc_column_inner width=&#8221;1\/2&#8243;][vc_single_image image=&#8221;3454&#8243; img_size=&#8221;full&#8221; alignment=&#8221;right&#8221; css_animation=&#8221;fadeInRight&#8221;][\/vc_column_inner][\/vc_row_inner][vc_empty_space height=&#8221;80px&#8221;][\/vc_column][\/vc_row]<\/p>\n<\/div>","protected":false},"excerpt":{"rendered":"<p>[vc_row parallax_background_image=&#8221;3368&#8243;][vc_column][\/vc_column][\/vc_row][vc_row full_height=&#8221;yes&#8221; row_content_width=&#8221;grid&#8221; disable_background_image=&#8221;&#8221; content_text_aligment=&#8221;center&#8221; simple_background_image=&#8221;1109&#8243;][vc_column][vc_row_inner][vc_column_inner width=&#8221;1\/2&#8243;][vc_single_image image=&#8221;3447&#8243; img_size=&#8221;full&#8221; css_animation=&#8221;fadeInLeft&#8221;][\/vc_column_inner][vc_column_inner width=&#8221;1\/2&#8243;][vc_column_text css_animation=&#8221;fadeIn&#8221;] Contabilit\u00e0 Condominiale Gestire la\u00a0contabilit\u00e0\u00a0del\u00a0condominio non \u00e8 semplice: a questo scopo, l&#8217;amministratore si serve di specifici software gestionali per mantenere tutto in ordine e registrato. Bilancio Condominiale Le norme del mandato impongono all&#8217;amministratore di rendere conto della propria [&hellip;]<\/p>\n","protected":false},"author":5,"featured_media":0,"parent":0,"menu_order":0,"comment_status":"closed","ping_status":"closed","template":"full-width.php","meta":{"footnotes":""},"class_list":["post-3248","page","type-page","status-publish","hentry"],"_links":{"self":[{"href":"https:\/\/avv-poltronieri.it\/index.php?rest_route=\/wp\/v2\/pages\/3248","targetHints":{"allow":["GET"]}}],"collection":[{"href":"https:\/\/avv-poltronieri.it\/index.php?rest_route=\/wp\/v2\/pages"}],"about":[{"href":"https:\/\/avv-poltronieri.it\/index.php?rest_route=\/wp\/v2\/types\/page"}],"author":[{"embeddable":true,"href":"https:\/\/avv-poltronieri.it\/index.php?rest_route=\/wp\/v2\/users\/5"}],"replies":[{"embeddable":true,"href":"https:\/\/avv-poltronieri.it\/index.php?rest_route=%2Fwp%2Fv2%2Fcomments&post=3248"}],"version-history":[{"count":40,"href":"https:\/\/avv-poltronieri.it\/index.php?rest_route=\/wp\/v2\/pages\/3248\/revisions"}],"predecessor-version":[{"id":3465,"href":"https:\/\/avv-poltronieri.it\/index.php?rest_route=\/wp\/v2\/pages\/3248\/revisions\/3465"}],"wp:attachment":[{"href":"https:\/\/avv-poltronieri.it\/index.php?rest_route=%2Fwp%2Fv2%2Fmedia&parent=3248"}],"curies":[{"name":"wp","href":"https:\/\/api.w.org\/{rel}","templated":true}]}}